{"id":463,"date":"2020-10-27T12:55:37","date_gmt":"2020-10-27T12:55:37","guid":{"rendered":"https:\/\/geoheritage.fas.is\/?page_id=463"},"modified":"2020-10-27T13:25:47","modified_gmt":"2020-10-27T13:25:47","slug":"sport-in-iceland","status":"publish","type":"page","link":"https:\/\/geoheritage.fas.is\/?page_id=463","title":{"rendered":"Sport in Iceland"},"content":{"rendered":"<p>Sport is a really big part of life in Iceland, most of Icelandic kids&#8217; train at least one sport when they are\u00a0younger\u00a0and 60% of kids in 10<sup>th<\/sup>\u00a0grade (15-year olds) practice at least one sport. Icelanders are probably so healthy worldwide because all these kids get this fun exercise by training these sports. That way they are used to exercising as kids and are there for more likely to do so when they get older.<\/p>\n<p>Parents in Iceland get a grant for kids to play sports, so that is also a big reason why all kids can train a sport, even if the parents don\u2019t have enough money for it.<\/p>\n<p><strong>The following are the sports that are most popular in Iceland:<\/strong><\/p>\n<p><strong>Athletics<\/strong><br \/>\n<a href=\"https:\/\/cdn.mbl.is\/frimg\/8\/54\/854382.jpg\"><img loading=\"lazy\" decoding=\"async\" class=\" wp-image-524 alignleft\" src=\"https:\/\/geoheritage.fas.is\/wp-content\/uploads\/2020\/10\/anita-300x194.jpg\" alt=\"\" width=\"257\" height=\"166\" srcset=\"https:\/\/geoheritage.fas.is\/wp-content\/uploads\/2020\/10\/anita-300x194.jpg 300w, https:\/\/geoheritage.fas.is\/wp-content\/uploads\/2020\/10\/anita-768x497.jpg 768w, https:\/\/geoheritage.fas.is\/wp-content\/uploads\/2020\/10\/anita.jpg 820w\" sizes=\"auto, (max-width: 257px) 100vw, 257px\" \/><\/a>Athletics is highly trained in Iceland, but it can be difficult to train in the winter due to bad weather. One of Iceland&#8217;s best athletes is Vala Flosad\u00f3ttir. Vala trained pole vault and won a bronze medal at the 2000 Sydney Olympics when she jumped 4.5 meters. There are many promising young boys and girls who practice athletics in Iceland for example, there is An\u00edta Hinriksd\u00f3ttir, but she is an 800-meter runner and has the Icelandic record as well as winning many junior championships.<\/p>\n<p><strong>Icelandic wrestling<\/strong> (\u00edslensk gl\u00edma)<br \/>\nIcelandic wrestling is a very special sport in Iceland. It was the first sport to be played in Iceland, but the sport was founded in Iceland\u00a0\u00a0There are two teams and in each team is a man who manages participants and selects one wrestler for each round sort of like a captain. The wrestling must be over two minutes each round. Two men wrestle until another was thrown into the grass. When all the participants in a team have beaten been, the captain must play.\u00a0 The game is finished when the captain in either team is beaten. You cannot train wrestling at H\u00f6fn.<\/p>\n<p><strong>Football<\/strong><br \/>\n<a href=\"https:\/\/guidetoiceland.imgix.net\/345820\/x\/0\/17157418-1359516134071356-3256925085132578227-o-jpg\"><img loading=\"lazy\" decoding=\"async\" class=\"size-medium wp-image-520 alignright\" src=\"https:\/\/geoheritage.fas.is\/wp-content\/uploads\/2020\/10\/football-300x200.jpg\" alt=\"\" width=\"300\" height=\"200\" srcset=\"https:\/\/geoheritage.fas.is\/wp-content\/uploads\/2020\/10\/football-300x200.jpg 300w, https:\/\/geoheritage.fas.is\/wp-content\/uploads\/2020\/10\/football-1024x683.jpg 1024w, https:\/\/geoheritage.fas.is\/wp-content\/uploads\/2020\/10\/football-768x512.jpg 768w, https:\/\/geoheritage.fas.is\/wp-content\/uploads\/2020\/10\/football-600x400.jpg 600w, https:\/\/geoheritage.fas.is\/wp-content\/uploads\/2020\/10\/football-1536x1024.jpg 1536w, https:\/\/geoheritage.fas.is\/wp-content\/uploads\/2020\/10\/football-272x182.jpg 272w, https:\/\/geoheritage.fas.is\/wp-content\/uploads\/2020\/10\/football.jpg 2048w\" sizes=\"auto, (max-width: 300px) 100vw, 300px\" \/><\/a>In Iceland, playing football is very popular. It is difficult to play football in Iceland because it can be very cold in the winter. Therefore, many clubs have artificial turf that they can play on and some clubs have built a football house over the turf. The Icelandic men&#8217;s national team has been very victorious the last few years. Icelandic men&#8217;s national team played in the WC 2018 and EC 2016. At the euros they were knocked out by France when France won 5-2 after knocking England out in the round of sixteen with the biggest achievement in Icelandic football history. Iceland&#8217;s home ground is Laugardalsv\u00f6llur. Eric Hamr\u00e9n is Iceland&#8217;s national coach and took over after Heimir Hallgr\u00edmsson got another job after the world cup. One of Iceland&#8217;s best footballer is Gylfi Sigur\u00f0sson but he plays for Everton F.C. in the English division.<br \/>\nSara Bj\u00f6rk Gunnarsd\u00f3ttir is an Icelandic footballer who plays for\u00a0Lyon\u00a0in\u00a0France and is arguably\u00a0one of the best\u00a0football player in the world amongst the women.\u00a0Sara has played in the Icelandic national team since 2007. She is the Icelandic national team\u00a0captain.<\/p>\n<p>You can play football in our hometown with our club called Sindri UMF and is in the 3rd division but recently hired one of the best coaches in Iceland in hopes of getting to the second or even first league.<\/p>\n<p><strong>Handball<br \/>\n<\/strong>Handball is a popular sport in Iceland, it is not really popular around the world, apart from maybe countries in Scandinavia. Handball was first played outside at the 1939 Olympics but since 1939 handball has been played inside. We have four types of handball; coastal handball, handball, mini handball and street handball. Handball is a popular sport here in Iceland. Iceland has very good national team on handball. Icelandic men&#8217;s national team came in second place at the 2008 Olympics. One of Iceland&#8217;s best handball players is Aron P\u00e1lmarsson who plays for PSG in France and is one of the best Handball players in the world. You can\u00b4t train Handball in H\u00f6fn.<\/p>\n<p><strong>Basketball<br \/>\n<\/strong>Basketball is a team sport which is played by two five person teams. The goal is to throw the ball into the basket. Basketball has to be played indoors in Iceland. Icelandic men&#8217;s national team played at EuroBasket which is one of the biggest competitions in the world. K\u00f6rfuknatleikssamband \u00cdslands (KK\u00cd) is the Icelandic basketball union and they were founded on January 29, 1961. The best division in Iceland is the Dominos division. In our hometown you can train basketball with our club called Sindri UMF. The men\u2019s team Sindri UMF is in the first division but it is the division that is under Domino&#8217;s division.<\/p>\n<p><strong>Golf<\/strong><br \/>\n<a href=\"https:\/\/icelandnaturally.com\/wp-content\/uploads\/hofn_golf_19072008_05.jpg\"><img loading=\"lazy\" decoding=\"async\" class=\"size-medium wp-image-521 alignleft\" src=\"https:\/\/geoheritage.fas.is\/wp-content\/uploads\/2020\/10\/golf-300x277.jpg\" alt=\"\" width=\"300\" height=\"277\" srcset=\"https:\/\/geoheritage.fas.is\/wp-content\/uploads\/2020\/10\/golf-300x277.jpg 300w, https:\/\/geoheritage.fas.is\/wp-content\/uploads\/2020\/10\/golf-1024x944.jpg 1024w, https:\/\/geoheritage.fas.is\/wp-content\/uploads\/2020\/10\/golf-768x708.jpg 768w, https:\/\/geoheritage.fas.is\/wp-content\/uploads\/2020\/10\/golf-1536x1416.jpg 1536w, https:\/\/geoheritage.fas.is\/wp-content\/uploads\/2020\/10\/golf-2048x1888.jpg 2048w\" sizes=\"auto, (max-width: 300px) 100vw, 300px\" \/><\/a>Golf is a very popular sport in Iceland, it is played by almost everyone. Golf is an outside sport, and in Iceland you cannot really play Golf in the winter because we have snow, and it gets really cold. For that reason, Golf is not played all year around, it is mostly played from April to October. There are a few places that have indoor golf training facilities that have golfing simulators which are realistic, so people play that to.<\/p>\n<p>Iceland has\u00a065 golf courses, both 18- and 9-hole courses. There are\u00a022 thousand\u00a0Icelanders that are members of clubs all around Iceland.\u00a0But there are probably more\u00a0people that actually play Golf but are not members.<\/p>\n<p>Iceland has a few professionals in the sport, but we have one woman on the European tour, and we also had one on the lPGA tour, but she does not play there anymore. There are also 2 mens players on the European tour<\/p>\n<p><strong>Icelandic equestrian sport<br \/>\n<\/strong>The Icelandic horse is different to horses in every other country, it is smaller than in other countries, but it is strong and fast for being smaller. Icelandic horses have the most gates of all horses in the world, but they have 5. Horse riding is a popular sport in mostly smaller towns, but there are also some in Reykjav\u00edk, but not so much.<\/p>\n<p><strong>Gymnastics<\/strong><br \/>\nGymnastics is a popular sport in Iceland, the sport is mostly played by girls but there are 75% of those who train the sport that are female. Gymnastics is a sport that trains all the muscles in your body. It takes a toll on your body and, for that reason, the athletes mostly quit because of injuries when they are young and cannot pursue a career in it. Icelandic woman national team has competed at the European Championships and finished in second place. Iceland is good at the team level, with the girls\u2019 team. There are not many athletes playing in the top level in the individual gymnastics, but we are much better in the team gymnastics.<\/p>\n<p><strong>MMA<\/strong><br \/>\nMMA (mixed martial arts) has increased popular huge in recent years in Iceland. We have one of the largest MMA fitness centres in the whole world called Mj\u00f6lnir. We also have one of the best MMA fighters in the world, his name is Gunnar Nelson and he is also a coach in Mj\u00f6lnir. Gunnar is not the only MMA professional fighter in Iceland we also have Sunna Tsunami. Sunna has been living in Iceland since 1985 and has a contract with Invicta where she competes in the featherweight division. MMA has not been very popular in Iceland in recent years but has become more popular with time.<\/p>\n<p style=\"text-align: right;\"><em>Written by J\u00fal\u00edus Aron and T\u00f3mas Orri<\/em><\/p>\n<p><a href=\"https:\/\/geoheritage.fas.is\/wp-content\/uploads\/2020\/10\/sport_in_Iceland.pdf\">Presentation about sport in Iceland<\/a><\/p>\n<p><strong>References:\u00a0<\/strong><\/p>\n<p>Ei\u00f0ur Gu\u00f0johnsen. (30.8.2018.)\u00a0<em>Wikipedia<\/em>. S\u00f3tt af:\u00a0<a href=\"https:\/\/da.wikipedia.org\/wiki\/Ei%C3%B0ur_Gu%C3%B0johnsen\">https:\/\/da.wikipedia.org\/wiki\/Ei\u00f0ur_Gu\u00f0johnsen<\/a><\/p>\n<p>Gylfi \u00de\u00f3r Sigur\u00f0sson. (20.5.2018).S\u00f3tt af:\u00a0<a href=\"https:\/\/da.wikipedia.org\/wiki\/Gylfi_Sigur%C3%B0sson\">https:\/\/da.wikipedia.org\/wiki\/Gylfi_Sigur\u00f0sson<\/a><\/p>\n<p>H\u00e9ra\u00f0sambandi\u00f0 Skarph\u00e9\u00f0inn. (e.d.).\u00a0<em>Regluger\u00f0ir um B\u00e6ndagl\u00edmu Su\u00f0urlands<\/em>.\u00a0S\u00f3tt af:\u00a0<a href=\"http:\/\/www.hsk.is\/web\/default.cfm?brid=0&amp;lang=1&amp;id=69&amp;page=login\">http:\/\/www.hsk.is\/web\/default.cfm?brid=0&amp;lang=1&amp;id=69&amp;page=login<\/a><\/p>\n<p>is.(e.d.).\u00a0<em>Vala Flosad\u00f3ttir<\/em>.\u00a0S\u00f3tt af:\u00a0<a href=\"http:\/\/www.isi.is\/afreksithrottir\/olympiuleikar\/islenskir-verdlaunahafar\/vala-flosadottir-2000\/\">http:\/\/www.isi.is\/afreksithrottir\/olympiuleikar\/islenskir-verdlaunahafar\/vala-flosadottir-2000\/<\/a><\/p>\n<p>\u00cdslenski hesturinn.(15.06.2001).\u00a0<em>Gangtegundir<\/em>. S\u00f3tt af:\u00a0<a href=\"http:\/\/www.ismennt.is\/not\/hbrynj\/hestar\/gangtegundir.htm\">http:\/\/www.ismennt.is\/not\/hbrynj\/hestar\/gangtegundir.htm<\/a><\/p>\n<p>(e.d.).\u00a0<em>Birgir Leifur Haf\u00fe\u00f3rsson<\/em>.\u00a0S\u00f3tt af:\u00a0<a href=\"http:\/\/m.kylfingur.is\/kylfingar\/birgir-leifur-hafthorsson\">http:\/\/m.kylfingur.is\/kylfingar\/birgir-leifur-hafthorsson<\/a><\/p>\n<p>Landsm\u00f3t\u00a0Hestamanna. (e.d.).\u00a0<em>Um\u00a0landsm\u00f3t<\/em>.\u00a0S\u00f3tt\u00a0af:\u00a0<a href=\"http:\/\/www.landsmot.is\/is\/um-landsmot\">http:\/\/www.landsmot.is\/is\/um-landsmot<\/a><\/p>\n<p>Mj\u00f6lnir.(e.d.).\u00a0Um\u00a0keppnisli\u00f0\u00a0Mj\u00f6lnis.\u00a0S\u00f3tt\u00a0af:\u00a0<a href=\"https:\/\/www.mjolnir.is\/is\/keppnislid-mjolnis\/um-keppnislid-mjolnis\">https:\/\/www.mjolnir.is\/is\/keppnislid-mjolnis\/um-keppnislid-mjolnis<\/a><\/p>\n<p>Morgnbla\u00f0i\u00f0.(e.d.).\u00a0<em>EM \u00ed\u00a0h\u00f3pfimleikum\u00a02016<\/em>.\u00a0S\u00f3tt\u00a0af:\u00a0\u00a0<a href=\"https:\/\/www.mbl.is\/frettir\/malefni\/em_i_hopfimleikum_2016\/\">https:\/\/www.mbl.is\/frettir\/malefni\/em_i_hopfimleikum_2016\/<\/a><\/p>\n<p>Morgunbla\u00f0i\u00f0.(21.11.2017).\u00a0<em>Birgir\u00a0Leifur\u00a0m\u00e6tir\u00a0m\u00f6rgum\u00a0af\u00a0\u00feeim\u00a0bestu<\/em>S\u00f3tt\u00a0af:\u00a0<a href=\"https:\/\/www.mbl.is\/sport\/golf\/2017\/11\/21\/birgir_leifur_maetir_morgum_af_theim_bestu\/\">https:\/\/www.mbl.is\/sport\/golf\/2017\/11\/21\/birgir_leifur_maetir_morgum_af_theim_bestu\/<\/a><\/p>\n<p>Sara\u00a0Bj\u00f6rk\u00a0Gunnarsd\u00f3ttir.(1.6.2018.).S\u00f3tt\u00a0af:\u00a0<a href=\"https:\/\/da.wikipedia.org\/wiki\/Sara_Bj%C3%B6rk_Gunnarsd%C3%B3ttir\">https:\/\/da.wikipedia.org\/wiki\/Sara_Bj\u00f6rk_Gunnarsd\u00f3ttir<\/a><\/p>\n<p>Sunna\u00a0Dav\u00ed\u00f0sd\u00f3ttir.(26.2.2018.).\u00a0S\u00f3tt\u00a0af:\u00a0<a href=\"https:\/\/en.wikipedia.org\/wiki\/Sunna_Dav%C3%AD%C3%B0sd%C3%B3ttir\">https:\/\/en.wikipedia.org\/wiki\/Sunna_Dav%C3%AD\u00f0sd\u00f3ttir<\/a><\/p>\n<p>&nbsp;<\/p>\n","protected":false},"excerpt":{"rendered":"<p>Sport is a really big part of life in Iceland, most of Icelandic kids&#8217; train at least one sport when they are\u00a0younger\u00a0and 60% of kids in 10th\u00a0grade (15-year olds) practice at least one sport. Icelanders are probably so healthy worldwide because all these kids get this fun exercise by training these sports. That way they [&hellip;]<\/p>\n","protected":false},"author":2,"featured_media":0,"parent":461,"menu_order":0,"comment_status":"closed","ping_status":"closed","template":"","meta":{"footnotes":""},"class_list":["post-463","page","type-page","status-publish","hentry","post"],"jetpack_sharing_enabled":true,"_links":{"self":[{"href":"https:\/\/geoheritage.fas.is\/index.php?rest_route=\/wp\/v2\/pages\/463","targetHints":{"allow":["GET"]}}],"collection":[{"href":"https:\/\/geoheritage.fas.is\/index.php?rest_route=\/wp\/v2\/pages"}],"about":[{"href":"https:\/\/geoheritage.fas.is\/index.php?rest_route=\/wp\/v2\/types\/page"}],"author":[{"embeddable":true,"href":"https:\/\/geoheritage.fas.is\/index.php?rest_route=\/wp\/v2\/users\/2"}],"replies":[{"embeddable":true,"href":"https:\/\/geoheritage.fas.is\/index.php?rest_route=%2Fwp%2Fv2%2Fcomments&post=463"}],"version-history":[{"count":7,"href":"https:\/\/geoheritage.fas.is\/index.php?rest_route=\/wp\/v2\/pages\/463\/revisions"}],"predecessor-version":[{"id":525,"href":"https:\/\/geoheritage.fas.is\/index.php?rest_route=\/wp\/v2\/pages\/463\/revisions\/525"}],"up":[{"embeddable":true,"href":"https:\/\/geoheritage.fas.is\/index.php?rest_route=\/wp\/v2\/pages\/461"}],"wp:attachment":[{"href":"https:\/\/geoheritage.fas.is\/index.php?rest_route=%2Fwp%2Fv2%2Fmedia&parent=463"}],"curies":[{"name":"wp","href":"https:\/\/api.w.org\/{rel}","templated":true}]}}