{"id":461,"date":"2020-10-19T14:53:48","date_gmt":"2020-10-19T14:53:48","guid":{"rendered":"https:\/\/geoheritage.fas.is\/?page_id=461"},"modified":"2021-10-28T10:28:23","modified_gmt":"2021-10-28T10:28:23","slug":"facts-about-iceland","status":"publish","type":"page","link":"https:\/\/geoheritage.fas.is\/?page_id=461","title":{"rendered":"Facts about Iceland 2020"},"content":{"rendered":"<div id=\"ccchildpages-1\" class=\"ccchildpages ccflex twocol simple ccclearfix\"><div class=\"ccchildpage  ccfirst ccodd ccpage-count-1 ccpage-id-557 ccpage-the-upper-secondary-school-fas ccpage-has-parent ccpage-pid-461 ccpage-parent-facts-about-iceland\"><h3 class=\"ccpage_title\" title=\"The upper secondary school FAS\">The upper secondary school FAS<\/h3><div class=\"ccpages_excerpt\">The upper secondary school Framhaldsk\u00f3linn \u00ed Austur-Skaftafellss\u00fdsla, FAS was founded in 1987 by the state and municipalities in Austur-Skaftafellss\u00fdsla. FAS has about 150 students in the school, but there are only about 75 who attend the school on a regular basis and the rest are distance learning students. The headmaster of the school is Eyj\u00f3lfur...<\/div><p class=\"ccpages_more\"><a href=\"https:\/\/geoheritage.fas.is\/?page_id=557\"  title=\"Read more ...\">Read more ...<\/a><\/p><\/div><div class=\"ccchildpage  cclast cceven ccpage-count-2 ccpage-id-463 ccpage-sport-in-iceland ccpage-has-parent ccpage-pid-461 ccpage-parent-facts-about-iceland\"><h3 class=\"ccpage_title\" title=\"Sport in Iceland\">Sport in Iceland<\/h3><div class=\"ccpages_excerpt\">Sport is a really big part of life in Iceland, most of Icelandic kids' train at least one sport when they are\u00a0younger\u00a0and 60% of kids in 10th\u00a0grade (15-year olds) practice at least one sport. Icelanders are probably so healthy worldwide because all these kids get this fun exercise by training these sports. That way they...<\/div><p class=\"ccpages_more\"><a href=\"https:\/\/geoheritage.fas.is\/?page_id=463\"  title=\"Read more ...\">Read more ...<\/a><\/p><\/div><div class=\"ccchildpage  ccfirst ccodd ccpage-count-3 ccpage-id-471 ccpage-facts-about-iceland ccpage-has-parent ccpage-pid-461 ccpage-parent-facts-about-iceland\"><h3 class=\"ccpage_title\" title=\"Facts about Iceland\">Facts about Iceland<\/h3><div class=\"ccpages_excerpt\">Iceland is a volcanic island in the north Atlantic and is famous for its hot springs and dramatic scenery. Iceland is nearly 103.000 km2.\u00a0 Only a little over 1% of Iceland is fit for growing crops. Most of the landscape consists of big lava fields and glaciers. In Iceland live about 365.000 people and more...<\/div><p class=\"ccpages_more\"><a href=\"https:\/\/geoheritage.fas.is\/?page_id=471\"  title=\"Read more ...\">Read more ...<\/a><\/p><\/div><div class=\"ccchildpage  cclast cceven ccpage-count-4 ccpage-id-496 ccpage-the-municipality-hornafjordur ccpage-has-parent ccpage-pid-461 ccpage-parent-facts-about-iceland\"><h3 class=\"ccpage_title\" title=\"The municipality Hornafj\u00f6r\u00f0ur\">The municipality Hornafj\u00f6r\u00f0ur<\/h3><div class=\"ccpages_excerpt\">\u00a0Southeast Iceland - Hornafj\u00f6r\u00f0ur In the municipality Hornafj\u00f6r\u00f0ur live over 2,400 people. The town H\u00f6fn is not a big town, but it is filled with numerous restaurants, hotels and camping sites, a pharmacy, a swimming pool, museums, supermarket and more. H\u00f6fn is close to Europe\u2019s largest glacier, Vatnaj\u00f6kull, that makes the town surrounding landscapes incredible....<\/div><p class=\"ccpages_more\"><a href=\"https:\/\/geoheritage.fas.is\/?page_id=496\"  title=\"Read more ...\">Read more ...<\/a><\/p><\/div><div class=\"ccchildpage  ccfirst ccodd ccpage-count-5 ccpage-id-503 ccpage-food-in-iceland ccpage-has-parent ccpage-pid-461 ccpage-parent-facts-about-iceland\"><h3 class=\"ccpage_title\" title=\"Food in Iceland\">Food in Iceland<\/h3><div class=\"ccpages_excerpt\">We are going to tell you a little bit about our Icelandic food and how Icelanders used to live in the old days and how they got food on this small island. Food In Iceland\u00a0 In the old days in Iceland, it was not easy to get food sent from abroad as it is today....<\/div><p class=\"ccpages_more\"><a href=\"https:\/\/geoheritage.fas.is\/?page_id=503\"  title=\"Read more ...\">Read more ...<\/a><\/p><\/div><\/div>\n","protected":false},"excerpt":{"rendered":"","protected":false},"author":1,"featured_media":0,"parent":0,"menu_order":0,"comment_status":"closed","ping_status":"closed","template":"","meta":{"footnotes":""},"class_list":["post-461","page","type-page","status-publish","hentry","post"],"jetpack_sharing_enabled":true,"_links":{"self":[{"href":"https:\/\/geoheritage.fas.is\/index.php?rest_route=\/wp\/v2\/pages\/461","targetHints":{"allow":["GET"]}}],"collection":[{"href":"https:\/\/geoheritage.fas.is\/index.php?rest_route=\/wp\/v2\/pages"}],"about":[{"href":"https:\/\/geoheritage.fas.is\/index.php?rest_route=\/wp\/v2\/types\/page"}],"author":[{"embeddable":true,"href":"https:\/\/geoheritage.fas.is\/index.php?rest_route=\/wp\/v2\/users\/1"}],"replies":[{"embeddable":true,"href":"https:\/\/geoheritage.fas.is\/index.php?rest_route=%2Fwp%2Fv2%2Fcomments&post=461"}],"version-history":[{"count":3,"href":"https:\/\/geoheritage.fas.is\/index.php?rest_route=\/wp\/v2\/pages\/461\/revisions"}],"predecessor-version":[{"id":1290,"href":"https:\/\/geoheritage.fas.is\/index.php?rest_route=\/wp\/v2\/pages\/461\/revisions\/1290"}],"wp:attachment":[{"href":"https:\/\/geoheritage.fas.is\/index.php?rest_route=%2Fwp%2Fv2%2Fmedia&parent=461"}],"curies":[{"name":"wp","href":"https:\/\/api.w.org\/{rel}","templated":true}]}}