{"id":1286,"date":"2021-10-28T10:37:51","date_gmt":"2021-10-28T10:37:51","guid":{"rendered":"https:\/\/geoheritage.fas.is\/?page_id=1286"},"modified":"2021-10-28T10:56:15","modified_gmt":"2021-10-28T10:56:15","slug":"some-facts-about-iceland","status":"publish","type":"page","link":"https:\/\/geoheritage.fas.is\/?page_id=1286","title":{"rendered":"Some facts about Iceland"},"content":{"rendered":"<p><strong>Geology<\/strong><\/p>\n<div id=\"attachment_1287\" style=\"width: 234px\" class=\"wp-caption alignright\"><a href=\"https:\/\/www.google.com\/url?sa=i&amp;url=https%3A%2F%2Fwww.stjornarradid.is%2Fverkefni%2Fstjornskipan-og-thjodartakn%2Fthjodartakn%2Fskjaldarmerki%2Fskjaldarmerkid-fyrir-prent-og-skjamidla%2F&amp;psig=AOvVaw2nKC4fbm_jV41i3SB5g27y&amp;ust=1635502998326000&amp;source=images&amp;cd=vfe&amp;ved=0CAsQjRxqFwoTCNiR5pzy7PMCFQAAAAAdAAAAABAD\"><img loading=\"lazy\" decoding=\"async\" aria-describedby=\"caption-attachment-1287\" class=\"wp-image-1287 \" src=\"https:\/\/geoheritage.fas.is\/wp-content\/uploads\/2021\/10\/Skjaldarmerki-287x300.jpg\" alt=\"Icelandic coat of arms. \" width=\"224\" height=\"234\" srcset=\"https:\/\/geoheritage.fas.is\/wp-content\/uploads\/2021\/10\/Skjaldarmerki-287x300.jpg 287w, https:\/\/geoheritage.fas.is\/wp-content\/uploads\/2021\/10\/Skjaldarmerki-980x1024.jpg 980w, https:\/\/geoheritage.fas.is\/wp-content\/uploads\/2021\/10\/Skjaldarmerki-768x803.jpg 768w, https:\/\/geoheritage.fas.is\/wp-content\/uploads\/2021\/10\/Skjaldarmerki-1469x1536.jpg 1469w, https:\/\/geoheritage.fas.is\/wp-content\/uploads\/2021\/10\/Skjaldarmerki.jpg 1920w\" sizes=\"auto, (max-width: 224px) 100vw, 224px\" \/><\/a><p id=\"caption-attachment-1287\" class=\"wp-caption-text\">Icelandic coat of arms.<\/p><\/div>\n<p>Iceland is an island in the north of the Atlantic ocean. It is 102.775 km<sup>2 <\/sup>.<\/p>\n<p>The oldest part of Iceland is about 16 000 000 years old. The country is located on the border of the Eurasian plate and the North American plate. Underneath the country is a hot spot, which means that the mantle underneath the Earth\u2019s crust is hotter than it is on average. There are several hot spots on the earth, but the one underneath Iceland is the most active. There are more than 30 active volcanic mountains in Iceland and in fact, there is a volcano going on right now near Reykjav\u00edk, the capital city. The biggest glacier in Europe, Vatnaj\u00f6kull, is also located in Iceland. The hot spot is placed underneath the glacier. Iceland is one of two places in the world where you can see the borders of two oceanic plates over sea level. The borders are near \u00deingvellir, where the Al\u00feingi took place in the olden days.<\/p>\n<p><strong>Population<\/strong><\/p>\n<p>The total population of Iceland is approximately 370.000. The population has increased to a little less than 5000 in the last year. 64% of the population lives in Reykjav\u00edk and its vicinity.<\/p>\n<p><strong>Industry<\/strong><\/p>\n<p>The main industries of Iceland are the fishing industry, tourism, and agriculture. In olden days the agriculture and the fishing industry were the only jobs you could get. In the last couple of years tourism has grown and is now a big part of Icelandic industry.<\/p>\n<p><strong>History of Iceland<\/strong><\/p>\n<div id=\"attachment_1296\" style=\"width: 310px\" class=\"wp-caption alignleft\"><a href=\"https:\/\/guidetoiceland.imgix.net\/747127\/x\/0\/the-history-of-icelandnbsp-6.jpg?ixlib=php-3.3.0&amp;w=883\"><img loading=\"lazy\" decoding=\"async\" aria-describedby=\"caption-attachment-1296\" class=\"wp-image-1296 size-medium\" src=\"https:\/\/geoheritage.fas.is\/wp-content\/uploads\/2021\/10\/the-history-of-iceland-300x238.jpg\" alt=\"Settelment of Iceland. \" width=\"300\" height=\"238\" srcset=\"https:\/\/geoheritage.fas.is\/wp-content\/uploads\/2021\/10\/the-history-of-iceland-300x238.jpg 300w, https:\/\/geoheritage.fas.is\/wp-content\/uploads\/2021\/10\/the-history-of-iceland-768x610.jpg 768w, https:\/\/geoheritage.fas.is\/wp-content\/uploads\/2021\/10\/the-history-of-iceland.jpg 883w\" sizes=\"auto, (max-width: 300px) 100vw, 300px\" \/><\/a><p id=\"caption-attachment-1296\" class=\"wp-caption-text\">Settelment of Iceland.<\/p><\/div>\n<p>Settlement in Iceland started in the Viking Age. The first person who settled in Iceland was from Norway; Ing\u00f3lfur Arnarson, who entered the country in 874. In the following years, more and more people settled in Iceland. The settlement period lasted from about 874 to 930. Those events are written in two ancient manuscripts, Landn\u00e1mab\u00f3k (The Book of Settlement), and \u00cdslendingab\u00f3k (The book of the Icelanders), both written in the 12th century.<\/p>\n<p>The official language of Iceland is Icelandic. Icelandic is similar to Norwegian, Danish, Faroese, and Swedish. That is because all of those languages have the same origin; Old Norse. Icelandic has developed less than the other nordic languages which makes it relatively easy for Icelanders to understand manuscripts written in Old Norse.<\/p>\n<p>Originally, Icelanders believed in the Nordic gods, and some still do. In the year 1000, the official religion changed to Roman Catholic. In the year 1550, it changed to Lutheran Christianity. One of the bishops, J\u00f3n Arason, did not want Icelanders to change their religion, so his head was cut off.<\/p>\n<p>The national sport of Iceland is called gl\u00edma, which is a form of wrestling, founded by the Vikings.<\/p>\n<p>Al\u00feingi, or Althing, was founded in 930 at \u00deingvellir (or assembly fields). It is still the national parliament and is the oldest surviving parliament in the world.<\/p>\n<p>Iceland has been under both Danish and Norwegian rule. However, in 1918 Iceland became a sovereign state with its own national flag but remained in royal union with Denmark. Al\u00feingi was given unchallenged legislative power, but Denmark took care of foreign affairs and coastguard. A republic was established at \u00deingvellir on June 17th, 1944, and Iceland\u2018s relationship with Denmark fell completely. Sveinn Bj\u00f6rnsson was elected the first president of Iceland.<\/p>\n<p><strong>Icelandic culture<\/strong><\/p>\n<p><strong>Names in Iceland<\/strong><\/p>\n<p>Family members usually don\u00b4t have the same last name. When giving a kid a last name people usually take the first name of the kid\u00b4s father (or mother) and add \u201eson\u201c (e. son) or \u201ed\u00f3ttir\u201c (e. daughter) to the end of it, depending on the kid\u00b4s gender. People\u2018s last names usually mean \u201eThe son of [father\u00b4s name]\u201c or \u201eThe daughter of [father\u00b4s name].\u201c<\/p>\n<p>People usually don\u00b4t give their babies names right after they are born but they have to give them names before they turn six months old.<\/p>\n<p><strong>Christmas in Iceland<\/strong><\/p>\n<div id=\"attachment_1313\" style=\"width: 310px\" class=\"wp-caption alignright\"><a href=\"https:\/\/i1.wp.com\/icelandwithaview.com\/wp-content\/uploads\/2018\/11\/a83745a80f6c32b90429c1057d5e3b20-no-vini.jpg?fit=736%2C523&amp;ssl=1\"><img loading=\"lazy\" decoding=\"async\" aria-describedby=\"caption-attachment-1313\" class=\"wp-image-1313 size-medium\" src=\"https:\/\/geoheritage.fas.is\/wp-content\/uploads\/2021\/10\/yule-lads-band-poster-300x213.webp\" alt=\"The 13 Yule Lads in Iceland. \" width=\"300\" height=\"213\" srcset=\"https:\/\/geoheritage.fas.is\/wp-content\/uploads\/2021\/10\/yule-lads-band-poster-300x213.webp 300w, https:\/\/geoheritage.fas.is\/wp-content\/uploads\/2021\/10\/yule-lads-band-poster.webp 736w\" sizes=\"auto, (max-width: 300px) 100vw, 300px\" \/><\/a><p id=\"caption-attachment-1313\" class=\"wp-caption-text\">The 13 Yule Lads in Iceland.<\/p><\/div>\n<p>In Iceland, people don\u00b4t believe in the same Santa Claus as people in some other countries. In Iceland, there are thirteen Santas. They are called \u201ej\u00f3lasveinarnir\u201c or like they say in English,\u2018\u2018the yule lads\u201c. Thirteen days before Christmas, kids put a shoe in their window and leave it there overnight. Then the first yule lad, Stekkjarstaur, puts a present in the shoe while the kid sleeps. Then every night until Christmas, the yule lads arrive, one by one, every one of them leaving a present in the shoe in the window. But if kids don\u00b4t behave well, they might get a potato in their shoe instead of a present as a punishment. The yule lads live in a cave up in the mountains in Iceland with their parents, Gr\u00fdla and Leppal\u00fa\u00f0i, and their cat. People in Iceland open their Christmas presents on Christmas Eve. There are a lot of stories and myths about the yule lads and their family. Some of them have been used to scare children.<\/p>\n<p><strong>Icelandic literature<\/strong><\/p>\n<p>The language spoken in Iceland is Icelandic. Icelanders have been known for writing a lot. One in ten Icelanders publishes a book in their lifetime. There are many old books in Iceland. Some of them are called \u201e\u00cdslendingas\u00f6gur\u201c (e. Sagas of Icelanders). They were written in the 1200s and the 1300a and are about Icelandic men who lived in the years 930 &#8211; 1030. It is believed that those stories were passed down from generation to generation for many years before someone decided to write them down. Because of that, people don\u00b4t know exactly how true these stories are. Some of them are quite unbelievable and the stories probably became less accurate every time someone told them, so one can imagine how much the stories changed before they were written down. The authors propably also had to fill in many gaps in the stories and they maybe even changed them on purpose. There are about 40 of those stories in Iceland and they are mostly about honor, conflicts between people, murders and revenge.<\/p>\n<p><strong>Verslunarmannahelgin<\/strong><\/p>\n<p>The weekend before the first Monday in August is called Verlunarmannahelgin. On that weekend there are many festivals held all around the country and it is one of the biggest travel weekends in Iceland. An example of festivals held in Iceland on that weekend are \u201e\u00dej\u00f3\u00f0h\u00e1t\u00ed\u00f0,\u201c which is held in Vestmannaeyjar, \u201eEin me\u00f0 \u00f6llu\u201c which is held in Akureyri, and many more. Unglingalandsm\u00f3ti\u00f0 is also held on that weekend. Unglingalandsm\u00f3ti\u00f0 is a competition where teenagers can compete in many different activities. The competition is held in a different town every year.<\/p>\n<p><strong>Famous Icelanders <\/strong><\/p>\n<p><strong>Halld\u00f3r Laxness<\/strong><\/p>\n<p>Halld\u00f3r Laxness was an Icelandic writer. He was born in 1902 and in 1955 he won a Nobel prize in literature, becoming the only Icelander to ever win a Nobel prize. He was seventeen years old when his first book, Barn n\u00e1tt\u00farunnar, came out. He also wrote books called Salka Valka, Sj\u00e1lfst\u00e6tt f\u00f3lk, Gerpla, and more.<\/p>\n<p><strong>Stef\u00e1n Karl Stef\u00e1nsson<\/strong><\/p>\n<p>Stef\u00e1n Karl Stef\u00e1nson was an Icelandic actor best known for his role as Robbie rotten in Lazy Town. He died of cancer in 2018.<\/p>\n<p><strong>Vigd\u00eds Finnbogad\u00f3ttir. <\/strong><\/p>\n<p>Vigd\u00eds Finnbogad\u00f3ttir was the first female democratically elected president in the world. She was born in 1930 and became the president of Iceland in 1980. She was a president for 16 years.<\/p>\n<p><strong>Cuisine<\/strong><\/p>\n<div id=\"attachment_1315\" style=\"width: 369px\" class=\"wp-caption alignleft\"><a href=\"https:\/\/www.alwaysaroundtheworld.com\/wp-content\/uploads\/2020\/08\/Meat-Plate-Icelandic-Food_.jpg\"><img loading=\"lazy\" decoding=\"async\" aria-describedby=\"caption-attachment-1315\" class=\"wp-image-1315 \" src=\"https:\/\/geoheritage.fas.is\/wp-content\/uploads\/2021\/10\/Meat-Plate-Icelandic-Food_-300x200.jpg\" alt=\"Old Icelandic food. \" width=\"359\" height=\"239\" srcset=\"https:\/\/geoheritage.fas.is\/wp-content\/uploads\/2021\/10\/Meat-Plate-Icelandic-Food_-300x200.jpg 300w, https:\/\/geoheritage.fas.is\/wp-content\/uploads\/2021\/10\/Meat-Plate-Icelandic-Food_-768x513.jpg 768w, https:\/\/geoheritage.fas.is\/wp-content\/uploads\/2021\/10\/Meat-Plate-Icelandic-Food_-600x400.jpg 600w, https:\/\/geoheritage.fas.is\/wp-content\/uploads\/2021\/10\/Meat-Plate-Icelandic-Food_-272x182.jpg 272w, https:\/\/geoheritage.fas.is\/wp-content\/uploads\/2021\/10\/Meat-Plate-Icelandic-Food_.jpg 800w\" sizes=\"auto, (max-width: 359px) 100vw, 359px\" \/><\/a><p id=\"caption-attachment-1315\" class=\"wp-caption-text\">Old Icelandic food.<\/p><\/div>\n<p>Icelandic cuisine has been described as both the most disgusting in the world and the healthiest in the world. Traditional Icelandic dishes are for example black pudding, burnt sheep heads, skyr, flatbread, rye bread, and hung, smoked, meat, dried fish (har\u00f0fiskur), l\u00fdsi (cod liver oil), and all sorts of sour foods. The reason for the sour food is that by storing food in whey, it stays edible for a long time. Icelanders had to keep the food edible during the winter. Every year in January, there is a celebration called \u00feorri. During \u00feorri, we eat traditional sour food to honor our ancestors who ate the food all winter long. The dishes are jam, or jello, made from burnt sheep heads or pork, sour black pudding, fermented shark (it is hung up until it rots), cured rolls of lamb flank, sour whalefat, dried fish with butter, and sour ram balls. The day before Christmas Eve, it is traditional to eat either salted cod or fermented ray. This is a tradition because, on Christmas Eve, people ate good food like lamb meat, so the day before all the Christmas celebrations, people would eat food that was not as good and expensive as the Christmas food. Icelandic beverages are landi (home-distilled liquor), brenniv\u00edn (aquavitae), whey, and of course the Icelandic water. Another thing that is traditional in Iceland is cocktail sauce. We eat it with for example pizza and french fries. It is made of low-fat milk, mayonnaise, ketchup, and some spices if preferred. Icelanders eat a lot of skyr, which is basically thick yogurt, high in protein but low in fat. It is eaten as a snack or as a meal and is very popular because it is bought ready to serve. There are many taste varieties and it keeps you full for a long time. H\u00f6fn is often called The Lobster Town. The fishermen here catch a lot of lobster and it is available in almost every single restaurant in H\u00f6fn. In recent years, the catch has reduced and it has not been allowed to fish for lobster. Last but not least, the Icelandic hot dogs are often considered the best in the world.<\/p>\n<p><strong>Beautiful places<\/strong><\/p>\n<div id=\"attachment_1318\" style=\"width: 310px\" class=\"wp-caption alignright\"><a href=\"https:\/\/cdn.kimkim.com\/files\/a\/article_images\/images\/0969a65fe3f5a71524dd393c5622ff4a28449ae0\/big-ec99b47adc47837c60c253c3d5b64dc9.jpg\"><img loading=\"lazy\" decoding=\"async\" aria-describedby=\"caption-attachment-1318\" class=\"wp-image-1318 size-medium\" src=\"https:\/\/geoheritage.fas.is\/wp-content\/uploads\/2021\/10\/landmannalaugar-300x200.jpg\" alt=\"Landmannalaugar.\" width=\"300\" height=\"200\" srcset=\"https:\/\/geoheritage.fas.is\/wp-content\/uploads\/2021\/10\/landmannalaugar-300x200.jpg 300w, https:\/\/geoheritage.fas.is\/wp-content\/uploads\/2021\/10\/landmannalaugar-768x513.jpg 768w, https:\/\/geoheritage.fas.is\/wp-content\/uploads\/2021\/10\/landmannalaugar-600x400.jpg 600w, https:\/\/geoheritage.fas.is\/wp-content\/uploads\/2021\/10\/landmannalaugar-272x182.jpg 272w, https:\/\/geoheritage.fas.is\/wp-content\/uploads\/2021\/10\/landmannalaugar.jpg 1023w\" sizes=\"auto, (max-width: 300px) 100vw, 300px\" \/><\/a><p id=\"caption-attachment-1318\" class=\"wp-caption-text\">Landmannalaugar.<\/p><\/div>\n<p>Icelandic nature is delicate, spectacular, and diverse. Iceland is one of the most active volcanic areas on earth. The landscape is shaped by fire, ice, water, and winds. The country\u2019s wilderness is characterized by its large barren open areas. Only a fourth of the island is vegetated. The ecosystem in Iceland is considered to be quite fragile and over the year there has been a problem with soil erosion in some parts of the country.\u00a0 One of the things Iceland is most famous for are its glaciers. Another thing Iceland is well known for is the lack of high trees. There is a joke in Iceland about our forests. It goes like this. What do you do if you get lost in an Icelandic forest? You stand up.<\/p>\n<p>There are many beautiful places in Iceland and the landscape is very dramatic. If we were to tell you about them all it would take days. So, we are just going to tell you about a few of them. All of the places mentioned here are outside of the municipality of H\u00f6fn.<\/p>\n<p>Sk\u00f3gafoss is a 60-meter-high waterfall in the south of Iceland. Reynisfjara is called the black beach by the tourist it is located near a town called V\u00edk. On the beach, there are beautiful basalt columns. The beach is considered to be very dangerous because of high waves. Landmannalaugar is a big place in the highlands. It is known for beautiful colors and hot springs where people can bathe. Lake M\u00fdvatn is an area in the north part of Iceland. It is known for its variety of birds. The geological formation is memorable. The area is geothermal and very volcanically active. Bl\u00e1a l\u00f3ni\u00f0, better known as the Blue Lagoon is a geothermal spa that\u00b4s situated on an 800-year-old-lava field on the Reykjanes peninsula.<\/p>\n<p style=\"padding-left: 40px; text-align: right;\"><em>\u00a0Written by Anna L\u00e1ra, Selma \u00ddr and St\u00edgur <\/em><strong><br \/>\n<\/strong><\/p>\n<p><strong><a href=\"https:\/\/geoheritage.fas.is\/wp-content\/uploads\/2021\/10\/facts_about_Iceland.pdf\">\u00a0Facts about Iceland &#8211; presentation<\/a><br \/>\n<\/strong><\/p>\n<p>&nbsp;<\/p>\n<p><strong>Bibliography<\/strong><\/p>\n<p><strong>History<\/strong><\/p>\n<p><a href=\"https:\/\/www.britannica.com\/place\/Iceland\">https:\/\/www.britannica.com\/place\/Iceland<\/a><\/p>\n<p><a href=\"https:\/\/is.wikipedia.org\/wiki\/Saga_%C3%8Dslands\">https:\/\/is.wikipedia.org\/wiki\/Saga_%C3%8Dslands<\/a><\/p>\n<p><a href=\"https:\/\/en.wikipedia.org\/wiki\/Althing\">https:\/\/en.wikipedia.org\/wiki\/Althing<\/a><\/p>\n<p><strong>Geology<\/strong><\/p>\n<p><a href=\"http:\/\/www.islenskeldfjoll.is\/\">http:\/\/www.islenskeldfjoll.is\/<\/a><\/p>\n<p><a href=\"https:\/\/www.mbl.is\/greinasafn\/grein\/1543910\/\">https:\/\/www.mbl.is\/greinasafn\/grein\/1543910\/<\/a><\/p>\n<p><strong>Famous Icelanders <\/strong><\/p>\n<p><a href=\"https:\/\/www.forlagid.is\/hofundar\/halldor-laxness\/\">https:\/\/www.forlagid.is\/hofundar\/halldor-laxness\/<\/a><\/p>\n<p><a href=\"https:\/\/icelandmag.is\/article\/10-world-famous-icelanders-do-you-know-any-them\">https:\/\/icelandmag.is\/article\/10-wo<\/a>rld-famous-icelanders-do-you-know-any-them<\/p>\n<p><strong>Icelandic literature<\/strong><\/p>\n<p><a href=\"https:\/\/www.visindavefur.is\/svar.php?id=6476\">https:\/\/www.visindavefur.is\/svar.php?id=6476<\/a><\/p>\n<p><a href=\"https:\/\/www.bbc.com\/news\/magazine-24399599\">https:\/\/www.bbc.com\/news\/magazine-24399599<\/a><\/p>\n<p><strong>Population<\/strong>\u200b<\/p>\n<p><a href=\"https:\/\/px.hagstofa.is\/pxis\/pxweb\/is\/Ibuar\/Ibuarmannfjoldi2byggdirByggdakjarnar\/MAN030101.px?fbclid=IwAR2x7gXnUk3o\">https:\/\/px.hagstofa.is\/pxis\/pxweb\/is\/Ibuar\/Ibuarmannfjoldi2byggdirByggdakjarnar\/MAN030101.px?fbclid=IwAR2x7gXnUk3o<\/a><a href=\"https:\/\/px.hagstofa.is\/pxis\/pxweb\/is\/Ibuar\/Ibuar__mannfjoldi__2_byggdir__Byggdakjarnar\/MAN030101.px?fbclid=IwAR2x7gXnUk3oKUfQELNHBBadqqrkb71aWLzpv82sQBH6pvkCdn9KfDp1A60\">KUfQELNHBBadqqrkb71aWLzpv82sQBH6pvkCdn9KfDp1A60<\/a>\u200b<\/p>\n<p>&nbsp;<\/p>\n<p><strong>Beautiful Places<\/strong>\u200b<\/p>\n<p><a href=\"https:\/\/en.ni.is\/flora-funga\/vegetation?fbclid=IwAR1DXB5qwxvwYRo9JaNtdPkQ2P8ZuNHe6yxaeVeC4aXaQQH9J8P5wOyvAaQ\">https<\/a><a href=\"https:\/\/en.ni.is\/flora-funga\/vegetation?fbclid=IwAR1DXB5qwxvwYRo9JaNtdPkQ2P8ZuNHe6yxaeVeC4aXaQQH9J8P5wOyvAaQ\">:\/\/en.ni.is\/florafunga\/vegetation?fbclid=IwAR1DXB5qwxvwYRo9JaNtdPkQ2P8ZuNHe6yxaeVeC4aXaQQH9J8P5wOyvAaQ<\/a>\u200b<\/p>\n<p>&nbsp;<\/p>\n","protected":false},"excerpt":{"rendered":"<p>Geology Iceland is an island in the north of the Atlantic ocean. It is 102.775 km2 . The oldest part of Iceland is about 16 000 000 years old. The country is located on the border of the Eurasian plate and the North American plate. Underneath the country is a hot spot, which means that [&hellip;]<\/p>\n","protected":false},"author":2,"featured_media":0,"parent":1300,"menu_order":0,"comment_status":"closed","ping_status":"closed","template":"","meta":{"footnotes":""},"class_list":["post-1286","page","type-page","status-publish","hentry","post"],"jetpack_sharing_enabled":true,"_links":{"self":[{"href":"https:\/\/geoheritage.fas.is\/index.php?rest_route=\/wp\/v2\/pages\/1286","targetHints":{"allow":["GET"]}}],"collection":[{"href":"https:\/\/geoheritage.fas.is\/index.php?rest_route=\/wp\/v2\/pages"}],"about":[{"href":"https:\/\/geoheritage.fas.is\/index.php?rest_route=\/wp\/v2\/types\/page"}],"author":[{"embeddable":true,"href":"https:\/\/geoheritage.fas.is\/index.php?rest_route=\/wp\/v2\/users\/2"}],"replies":[{"embeddable":true,"href":"https:\/\/geoheritage.fas.is\/index.php?rest_route=%2Fwp%2Fv2%2Fcomments&post=1286"}],"version-history":[{"count":11,"href":"https:\/\/geoheritage.fas.is\/index.php?rest_route=\/wp\/v2\/pages\/1286\/revisions"}],"predecessor-version":[{"id":1325,"href":"https:\/\/geoheritage.fas.is\/index.php?rest_route=\/wp\/v2\/pages\/1286\/revisions\/1325"}],"up":[{"embeddable":true,"href":"https:\/\/geoheritage.fas.is\/index.php?rest_route=\/wp\/v2\/pages\/1300"}],"wp:attachment":[{"href":"https:\/\/geoheritage.fas.is\/index.php?rest_route=%2Fwp%2Fv2%2Fmedia&parent=1286"}],"curies":[{"name":"wp","href":"https:\/\/api.w.org\/{rel}","templated":true}]}}